{"id":37190,"date":"2023-11-01T18:58:13","date_gmt":"2023-11-01T17:58:13","guid":{"rendered":"http:\/\/www.qozzy.pt\/gestion-de-votre-hebergement\/"},"modified":"2024-11-04T20:26:42","modified_gmt":"2024-11-04T19:26:42","slug":"gestion-de-votre-hebergement","status":"publish","type":"page","link":"https:\/\/qozzy.pt\/fr\/gestion-de-votre-hebergement\/","title":{"rendered":"Gestion de votre H\u00e9bergement"},"content":{"rendered":"\t\t<div data-elementor-type=\"wp-page\" data-elementor-id=\"37190\" class=\"elementor elementor-37190 elementor-36628\">\n\t\t\t\t\t\t<section class=\"elementor-section elementor-top-section elementor-element elementor-element-26a9246c elementor-section-content-middle elementor-section-stretched elementor-section-boxed elementor-section-height-default elementor-section-height-default\" data-id=\"26a9246c\" data-element_type=\"section\" data-e-type=\"section\" data-settings=\"{&quot;background_background&quot;:&quot;classic&quot;,&quot;stretch_section&quot;:&quot;section-stretched&quot;}\">\n\t\t\t\t\t\t<div class=\"elementor-container elementor-column-gap-no\">\n\t\t\t\t\t<div class=\"elementor-column elementor-col-50 elementor-top-column elementor-element elementor-element-209a2643\" data-id=\"209a2643\" data-element_type=\"column\" data-e-type=\"column\">\n\t\t\t<div class=\"elementor-widget-wrap elementor-element-populated\">\n\t\t\t\t\t\t<div class=\"elementor-element elementor-element-1a0f0eca elementor-widget elementor-widget-heading\" data-id=\"1a0f0eca\" data-element_type=\"widget\" data-e-type=\"widget\" data-widget_type=\"heading.default\">\n\t\t\t\t<div class=\"elementor-widget-container\">\n\t\t\t\t\t<h4 class=\"elementor-heading-title elementor-size-default\">Nous g\u00e9rons votre h\u00e9bergement local<\/h4>\t\t\t\t<\/div>\n\t\t\t\t<\/div>\n\t\t\t\t\t<\/div>\n\t\t<\/div>\n\t\t\t\t<div class=\"elementor-column elementor-col-50 elementor-top-column elementor-element elementor-element-4dd20ecf\" data-id=\"4dd20ecf\" data-element_type=\"column\" data-e-type=\"column\">\n\t\t\t<div class=\"elementor-widget-wrap elementor-element-populated\">\n\t\t\t\t\t\t<div class=\"elementor-element elementor-element-435166cd elementor-widget elementor-widget-text-editor\" data-id=\"435166cd\" data-element_type=\"widget\" data-e-type=\"widget\" data-widget_type=\"text-editor.default\">\n\t\t\t\t<div class=\"elementor-widget-container\">\n\t\t\t\t\t\t\t\t\t<p>\u00c9lever votre h\u00e9bergement local \u00e0 de nouveaux sommets n&rsquo;a jamais \u00e9t\u00e9 aussi facile. Faites confiance \u00e0 QoZzy pour une gestion professionnelle et regardez vos revenus cro\u00eetre tout en profitant d&rsquo;une tranquillit\u00e9 totale.<\/p>\n\t\t\t\t\t\t\t\t<\/div>\n\t\t\t\t<\/div>\n\t\t\t\t\t<\/div>\n\t\t<\/div>\n\t\t\t\t\t<\/div>\n\t\t<\/section>\n\t\t\t\t<section class=\"elementor-section elementor-top-section elementor-element elementor-element-1eb6e05 elementor-section-boxed elementor-section-height-default elementor-section-height-default\" data-id=\"1eb6e05\" data-element_type=\"section\" data-e-type=\"section\">\n\t\t\t\t\t\t<div class=\"elementor-container elementor-column-gap-default\">\n\t\t\t\t\t<div class=\"elementor-column elementor-col-50 elementor-top-column elementor-element elementor-element-0c1dfe6\" data-id=\"0c1dfe6\" data-element_type=\"column\" data-e-type=\"column\">\n\t\t\t<div class=\"elementor-widget-wrap elementor-element-populated\">\n\t\t\t\t\t\t<div class=\"elementor-element elementor-element-343ff3b elementor-widget elementor-widget-heading\" data-id=\"343ff3b\" data-element_type=\"widget\" data-e-type=\"widget\" data-widget_type=\"heading.default\">\n\t\t\t\t<div class=\"elementor-widget-container\">\n\t\t\t\t\t<h2 class=\"elementor-heading-title elementor-size-default\">Analyse du march\u00e9<\/h2>\t\t\t\t<\/div>\n\t\t\t\t<\/div>\n\t\t\t\t<div class=\"elementor-element elementor-element-b930255 elementor-widget elementor-widget-text-editor\" data-id=\"b930255\" data-element_type=\"widget\" data-e-type=\"widget\" data-widget_type=\"text-editor.default\">\n\t\t\t\t<div class=\"elementor-widget-container\">\n\t\t\t\t\t\t\t\t\t<ul>\n<li><strong>Emplacement strat\u00e9gique<\/strong>: nous \u00e9valuons l&#8217;emplacement de votre propri\u00e9t\u00e9 afin de d\u00e9finir une strat\u00e9gie efficace et de maximiser le potentiel d&rsquo;occupation.<\/li>\n<li><strong>\u00c9tude tarifaire<\/strong>: Nous calculons et ajustons r\u00e9guli\u00e8rement le tarif id\u00e9al pour maximiser la rentabilit\u00e9.<\/li>\n<li><strong>Suivi permanent<\/strong>: nous analysons le march\u00e9 en permanence afin d&rsquo;adapter les prix et les strat\u00e9gies.<\/li>\n<li><strong>Pr\u00e9sence en ligne optimis\u00e9e<\/strong>: nous g\u00e9rons les plateformes de r\u00e9servation et les r\u00e9seaux sociaux pour garantir la visibilit\u00e9 et l&rsquo;attractivit\u00e9.<\/li>\n<\/ul>\n\t\t\t\t\t\t\t\t<\/div>\n\t\t\t\t<\/div>\n\t\t\t\t\t<\/div>\n\t\t<\/div>\n\t\t\t\t<div class=\"elementor-column elementor-col-50 elementor-top-column elementor-element elementor-element-6ac18d8\" data-id=\"6ac18d8\" data-element_type=\"column\" data-e-type=\"column\">\n\t\t\t<div class=\"elementor-widget-wrap elementor-element-populated\">\n\t\t\t\t\t\t<div class=\"elementor-element elementor-element-2fc5d51 elementor-widget elementor-widget-heading\" data-id=\"2fc5d51\" data-element_type=\"widget\" data-e-type=\"widget\" data-widget_type=\"heading.default\">\n\t\t\t\t<div class=\"elementor-widget-container\">\n\t\t\t\t\t<h2 class=\"elementor-heading-title elementor-size-default\">Gestion des r\u00e9servations<\/h2>\t\t\t\t<\/div>\n\t\t\t\t<\/div>\n\t\t\t\t<div class=\"elementor-element elementor-element-fd2d8a5 elementor-widget elementor-widget-text-editor\" data-id=\"fd2d8a5\" data-element_type=\"widget\" data-e-type=\"widget\" data-widget_type=\"text-editor.default\">\n\t\t\t\t<div class=\"elementor-widget-container\">\n\t\t\t\t\t\t\t\t\t<h3>Gestion des r\u00e9servations<\/h3>\n<ul>\n<li><strong>R\u00e9ponse rapide et synchronis\u00e9e<\/strong>: r\u00e9ponse 24 heures sur 24 et 7 jours sur 7 aux demandes de r\u00e9servation, garantissant une r\u00e9ponse efficace et la synchronisation du calendrier de r\u00e9servation.<\/li>\n<li><strong>Promotion constante<\/strong>: nous faisons conna\u00eetre votre logement sur diff\u00e9rentes plateformes afin d&rsquo;obtenir un taux d&rsquo;occupation \u00e9lev\u00e9 au meilleur prix.<\/li>\n<li><strong style=\"color: var( --e-global-color-text ); font-family: var( --e-global-typography-text-font-family ), Sans-serif;\">Gestion des plateformes et des r\u00e9seaux<\/strong><span style=\"color: var( --e-global-color-text ); font-family: var( --e-global-typography-text-font-family ), Sans-serif; font-weight: var( --e-global-typography-text-font-weight );\">Nous coordonnons toutes les plateformes et les r\u00e9seaux sociaux afin que votre propri\u00e9t\u00e9 soit toujours visible et attrayante.<\/span><\/li>\n<\/ul>\n\t\t\t\t\t\t\t\t<\/div>\n\t\t\t\t<\/div>\n\t\t\t\t\t<\/div>\n\t\t<\/div>\n\t\t\t\t\t<\/div>\n\t\t<\/section>\n\t\t\t\t<section class=\"elementor-section elementor-top-section elementor-element elementor-element-aca9425 elementor-section-boxed elementor-section-height-default elementor-section-height-default\" data-id=\"aca9425\" data-element_type=\"section\" data-e-type=\"section\">\n\t\t\t\t\t\t<div class=\"elementor-container elementor-column-gap-default\">\n\t\t\t\t\t<div class=\"elementor-column elementor-col-50 elementor-top-column elementor-element elementor-element-c3db1a2\" data-id=\"c3db1a2\" data-element_type=\"column\" data-e-type=\"column\">\n\t\t\t<div class=\"elementor-widget-wrap elementor-element-populated\">\n\t\t\t\t\t\t<div class=\"elementor-element elementor-element-2269811 elementor-widget elementor-widget-heading\" data-id=\"2269811\" data-element_type=\"widget\" data-e-type=\"widget\" data-widget_type=\"heading.default\">\n\t\t\t\t<div class=\"elementor-widget-container\">\n\t\t\t\t\t<h2 class=\"elementor-heading-title elementor-size-default\">Transparence<\/h2>\t\t\t\t<\/div>\n\t\t\t\t<\/div>\n\t\t\t\t<div class=\"elementor-element elementor-element-f48f893 elementor-widget elementor-widget-text-editor\" data-id=\"f48f893\" data-element_type=\"widget\" data-e-type=\"widget\" data-widget_type=\"text-editor.default\">\n\t\t\t\t<div class=\"elementor-widget-container\">\n\t\t\t\t\t\t\t\t\t<p>Chez Qozzy, nous accordons une grande importance \u00e0 la transparence \u00e0 chaque \u00e9tape du processus. Nous offrons aux propri\u00e9taires l&rsquo;acc\u00e8s \u00e0 une plateforme exclusive o\u00f9 ils peuvent suivre les r\u00e9servations et les performances de leur logement en temps r\u00e9el. Gr\u00e2ce \u00e0 cet outil, vous pouvez visualiser :  <\/p>\n<ul>\n<li><strong>Calendrier de r\u00e9servation mis \u00e0 jour<\/strong>: acc\u00e8s imm\u00e9diat au calendrier de r\u00e9servation, vous permettant de suivre l&rsquo;occupation et la disponibilit\u00e9.<\/li>\n<li><strong>Rapports financiers d\u00e9taill\u00e9s<\/strong>: visualisez toutes les entr\u00e9es financi\u00e8res et gardez une trace des revenus de votre propri\u00e9t\u00e9.<\/li>\n<\/ul>\n\t\t\t\t\t\t\t\t<\/div>\n\t\t\t\t<\/div>\n\t\t\t\t\t<\/div>\n\t\t<\/div>\n\t\t\t\t<div class=\"elementor-column elementor-col-50 elementor-top-column elementor-element elementor-element-e9ac0b6\" data-id=\"e9ac0b6\" data-element_type=\"column\" data-e-type=\"column\">\n\t\t\t<div class=\"elementor-widget-wrap elementor-element-populated\">\n\t\t\t\t\t\t<div class=\"elementor-element elementor-element-e427e76 elementor-widget elementor-widget-heading\" data-id=\"e427e76\" data-element_type=\"widget\" data-e-type=\"widget\" data-widget_type=\"heading.default\">\n\t\t\t\t<div class=\"elementor-widget-container\">\n\t\t\t\t\t<h2 class=\"elementor-heading-title elementor-size-default\">Enregistrement\/d\u00e9part<\/h2>\t\t\t\t<\/div>\n\t\t\t\t<\/div>\n\t\t\t\t<div class=\"elementor-element elementor-element-1c5996d elementor-widget elementor-widget-text-editor\" data-id=\"1c5996d\" data-element_type=\"widget\" data-e-type=\"widget\" data-widget_type=\"text-editor.default\">\n\t\t\t\t<div class=\"elementor-widget-container\">\n\t\t\t\t\t\t\t\t\t<ul><li><strong>R\u00e9ception personnalis\u00e9e<\/strong>: nous accueillons toujours nos h\u00f4tes en personne et leur fournissons des informations sur les activit\u00e9s, les \u00e9v\u00e9nements et les lieux d&rsquo;int\u00e9r\u00eat en plusieurs langues.<\/li>\n<li><strong>Processus simplifi\u00e9s<\/strong>: nous g\u00e9rons la remise des cl\u00e9s, la collecte des donn\u00e9es pour le SEF et nous effectuons un contr\u00f4le minutieux du logement au moment du d\u00e9part.<\/li>\n<li><strong>Disponibilit\u00e9 24 heures sur 24, 7 jours sur 7<\/strong>: nous accompagnons les clients tout au long de leur s\u00e9jour, garantissant ainsi une assistance continue pour une exp\u00e9rience fluide et sans souci.<\/li>\n<\/ul>\t\t\t\t\t\t\t\t<\/div>\n\t\t\t\t<\/div>\n\t\t\t\t\t<\/div>\n\t\t<\/div>\n\t\t\t\t\t<\/div>\n\t\t<\/section>\n\t\t\t\t<section class=\"elementor-section elementor-top-section elementor-element elementor-element-1935795 elementor-section-boxed elementor-section-height-default elementor-section-height-default\" data-id=\"1935795\" data-element_type=\"section\" data-e-type=\"section\">\n\t\t\t\t\t\t<div class=\"elementor-container elementor-column-gap-default\">\n\t\t\t\t\t<div class=\"elementor-column elementor-col-50 elementor-top-column elementor-element elementor-element-8b54f87\" data-id=\"8b54f87\" data-element_type=\"column\" data-e-type=\"column\">\n\t\t\t<div class=\"elementor-widget-wrap elementor-element-populated\">\n\t\t\t\t\t\t<div class=\"elementor-element elementor-element-02b302b elementor-widget elementor-widget-heading\" data-id=\"02b302b\" data-element_type=\"widget\" data-e-type=\"widget\" data-widget_type=\"heading.default\">\n\t\t\t\t<div class=\"elementor-widget-container\">\n\t\t\t\t\t<h2 class=\"elementor-heading-title elementor-size-default\">Nettoyage et blanchissage<\/h2>\t\t\t\t<\/div>\n\t\t\t\t<\/div>\n\t\t\t\t<div class=\"elementor-element elementor-element-9731340 elementor-widget elementor-widget-text-editor\" data-id=\"9731340\" data-element_type=\"widget\" data-e-type=\"widget\" data-widget_type=\"text-editor.default\">\n\t\t\t\t<div class=\"elementor-widget-container\">\n\t\t\t\t\t\t\t\t\t<ul>\n<li><strong>Nettoyage professionnel<\/strong>: nous effectuons un nettoyage d\u00e9taill\u00e9 avec des produits inclus, garantissant la satisfaction des clients.<\/li>\n<li><strong>Fourniture de serviettes et de draps : <\/strong>nous fournissons des serviettes et des draps de haute qualit\u00e9.<\/li>\n<li><strong>R\u00e9approvisionnement en consommables<\/strong>: nous fournissons des produits essentiels (gel pour les mains, papier hygi\u00e9nique, d\u00e9tergents) pour un environnement toujours pr\u00e9par\u00e9.<\/li>\n<li><strong>Service de blanchisserie<\/strong>: nous fournissons et prenons en charge le lavage du linge de lit et des serviettes, garantissant ainsi la qualit\u00e9 et le confort des clients.<\/li>\n<\/ul>\n\t\t\t\t\t\t\t\t<\/div>\n\t\t\t\t<\/div>\n\t\t\t\t\t<\/div>\n\t\t<\/div>\n\t\t\t\t<div class=\"elementor-column elementor-col-50 elementor-top-column elementor-element elementor-element-940037b\" data-id=\"940037b\" data-element_type=\"column\" data-e-type=\"column\">\n\t\t\t<div class=\"elementor-widget-wrap elementor-element-populated\">\n\t\t\t\t\t\t<div class=\"elementor-element elementor-element-ae377a4 elementor-widget elementor-widget-heading\" data-id=\"ae377a4\" data-element_type=\"widget\" data-e-type=\"widget\" data-widget_type=\"heading.default\">\n\t\t\t\t<div class=\"elementor-widget-container\">\n\t\t\t\t\t<h2 class=\"elementor-heading-title elementor-size-default\">Soutien et logistique<\/h2>\t\t\t\t<\/div>\n\t\t\t\t<\/div>\n\t\t\t\t<div class=\"elementor-element elementor-element-d3c5d9a elementor-widget elementor-widget-text-editor\" data-id=\"d3c5d9a\" data-element_type=\"widget\" data-e-type=\"widget\" data-widget_type=\"text-editor.default\">\n\t\t\t\t<div class=\"elementor-widget-container\">\n\t\t\t\t\t\t\t\t\t<ul>\n<li><strong>Aide \u00e0 l&rsquo;obtention d&rsquo;une licence<\/strong>: nous vous aidons \u00e0 enregistrer et \u00e0 l\u00e9galiser votre h\u00e9bergement, ce qui facilite l&rsquo;ensemble du processus bureaucratique.<\/li>\n<li><strong>Conformit\u00e9 juridique<\/strong>: Nous vous conseillons sur l&rsquo;acquisition des \u00e9quipements obligatoires et vous mettons en contact avec des avocats et des experts-comptables.<\/li>\n<li><strong>Gestion des d\u00e9penses<\/strong>: nous nous chargeons du paiement des d\u00e9penses r\u00e9guli\u00e8res et annuelles, en veillant \u00e0 ce que le logement soit toujours conforme.<\/li>\n<\/ul>\n\t\t\t\t\t\t\t\t<\/div>\n\t\t\t\t<\/div>\n\t\t\t\t\t<\/div>\n\t\t<\/div>\n\t\t\t\t\t<\/div>\n\t\t<\/section>\n\t\t\t\t<section class=\"elementor-section elementor-top-section elementor-element elementor-element-3e6500a elementor-section-boxed elementor-section-height-default elementor-section-height-default\" data-id=\"3e6500a\" data-element_type=\"section\" data-e-type=\"section\">\n\t\t\t\t\t\t<div class=\"elementor-container elementor-column-gap-default\">\n\t\t\t\t\t<div class=\"elementor-column elementor-col-100 elementor-top-column elementor-element elementor-element-d6a15ab\" data-id=\"d6a15ab\" data-element_type=\"column\" data-e-type=\"column\">\n\t\t\t<div class=\"elementor-widget-wrap elementor-element-populated\">\n\t\t\t\t\t\t<div class=\"elementor-element elementor-element-dcbe9e6 elementor-widget elementor-widget-text-editor\" data-id=\"dcbe9e6\" data-element_type=\"widget\" data-e-type=\"widget\" data-widget_type=\"text-editor.default\">\n\t\t\t\t<div class=\"elementor-widget-container\">\n\t\t\t\t\t\t\t\t\t<p>Chez Qozzy, nous proposons une gestion compl\u00e8te et personnalis\u00e9e, permettant aux propri\u00e9taires de b\u00e9n\u00e9ficier de la rentabilit\u00e9 de leur logement local en toute tranquillit\u00e9. Transformez votre bien en une opportunit\u00e9 de revenus s\u00fbre et sans souci ! <\/p>\n\t\t\t\t\t\t\t\t<\/div>\n\t\t\t\t<\/div>\n\t\t\t\t<div class=\"elementor-element elementor-element-1cdccb8 elementor-widget elementor-widget-heading\" data-id=\"1cdccb8\" data-element_type=\"widget\" data-e-type=\"widget\" data-widget_type=\"heading.default\">\n\t\t\t\t<div class=\"elementor-widget-container\">\n\t\t\t\t\t<h1 class=\"elementor-heading-title elementor-size-default\">Nos honoraires<\/h1>\t\t\t\t<\/div>\n\t\t\t\t<\/div>\n\t\t\t\t<div class=\"elementor-element elementor-element-057152e elementor-widget elementor-widget-text-editor\" data-id=\"057152e\" data-element_type=\"widget\" data-e-type=\"widget\" data-widget_type=\"text-editor.default\">\n\t\t\t\t<div class=\"elementor-widget-container\">\n\t\t\t\t\t\t\t\t\t<p>Chez Qozzy, nous offrons une flexibilit\u00e9 dans les mod\u00e8les de performance afin que le propri\u00e9taire puisse choisir la solution qui r\u00e9pond le mieux \u00e0 ses besoins :<\/p>\n\t\t\t\t\t\t\t\t<\/div>\n\t\t\t\t<\/div>\n\t\t\t\t<section class=\"elementor-section elementor-inner-section elementor-element elementor-element-76f74af elementor-section-boxed elementor-section-height-default elementor-section-height-default\" data-id=\"76f74af\" data-element_type=\"section\" data-e-type=\"section\">\n\t\t\t\t\t\t<div class=\"elementor-container elementor-column-gap-default\">\n\t\t\t\t\t<div class=\"elementor-column elementor-col-50 elementor-inner-column elementor-element elementor-element-c4a400d\" data-id=\"c4a400d\" data-element_type=\"column\" data-e-type=\"column\" data-settings=\"{&quot;background_background&quot;:&quot;classic&quot;}\">\n\t\t\t<div class=\"elementor-widget-wrap elementor-element-populated\">\n\t\t\t\t\t\t<div class=\"elementor-element elementor-element-abb6b0c elementor-widget elementor-widget-heading\" data-id=\"abb6b0c\" data-element_type=\"widget\" data-e-type=\"widget\" data-widget_type=\"heading.default\">\n\t\t\t\t<div class=\"elementor-widget-container\">\n\t\t\t\t\t<h2 class=\"elementor-heading-title elementor-size-default\">Revenu garanti<\/h2>\t\t\t\t<\/div>\n\t\t\t\t<\/div>\n\t\t\t\t<div class=\"elementor-element elementor-element-eb54942 elementor-widget elementor-widget-text-editor\" data-id=\"eb54942\" data-element_type=\"widget\" data-e-type=\"widget\" data-widget_type=\"text-editor.default\">\n\t\t\t\t<div class=\"elementor-widget-container\">\n\t\t\t\t\t\t\t\t\t<p>Nous nous engageons \u00e0 payer un montant fixe convenu \u00e0 l&rsquo;avance avec le propri\u00e9taire, ce qui garantit un revenu stable quel que soit le taux d&rsquo;occupation ou la saisonnalit\u00e9 du logement.<\/p>\n\t\t\t\t\t\t\t\t<\/div>\n\t\t\t\t<\/div>\n\t\t\t\t\t<\/div>\n\t\t<\/div>\n\t\t\t\t<div class=\"elementor-column elementor-col-50 elementor-inner-column elementor-element elementor-element-5e2e9eb\" data-id=\"5e2e9eb\" data-element_type=\"column\" data-e-type=\"column\" data-settings=\"{&quot;background_background&quot;:&quot;classic&quot;}\">\n\t\t\t<div class=\"elementor-widget-wrap elementor-element-populated\">\n\t\t\t\t\t\t<div class=\"elementor-element elementor-element-e741bac elementor-widget elementor-widget-heading\" data-id=\"e741bac\" data-element_type=\"widget\" data-e-type=\"widget\" data-widget_type=\"heading.default\">\n\t\t\t\t<div class=\"elementor-widget-container\">\n\t\t\t\t\t<h2 class=\"elementor-heading-title elementor-size-default\">Gestion des commissions : 20%*<\/h2>\t\t\t\t<\/div>\n\t\t\t\t<\/div>\n\t\t\t\t<div class=\"elementor-element elementor-element-8824610 elementor-widget elementor-widget-text-editor\" data-id=\"8824610\" data-element_type=\"widget\" data-e-type=\"widget\" data-widget_type=\"text-editor.default\">\n\t\t\t\t<div class=\"elementor-widget-container\">\n\t\t\t\t\t\t\t\t\t<p>Nous proposons \u00e9galement un taux de 20 % + TVA sur le revenu net, apr\u00e8s d\u00e9duction des d\u00e9penses telles que la TVA sur l&rsquo;h\u00e9bergement, les frais de plateforme et des frais de nettoyage pr\u00e9d\u00e9finis en fonction du type d&rsquo;h\u00e9bergement. Ce mod\u00e8le garantit la transparence et permet au propri\u00e9taire de b\u00e9n\u00e9ficier directement d&rsquo;un taux d&rsquo;occupation \u00e9lev\u00e9. <\/p>\n\t\t\t\t\t\t\t\t<\/div>\n\t\t\t\t<\/div>\n\t\t\t\t\t<\/div>\n\t\t<\/div>\n\t\t\t\t\t<\/div>\n\t\t<\/section>\n\t\t\t\t<div class=\"elementor-element elementor-element-577d34d elementor-widget elementor-widget-heading\" data-id=\"577d34d\" data-element_type=\"widget\" data-e-type=\"widget\" data-widget_type=\"heading.default\">\n\t\t\t\t<div class=\"elementor-widget-container\">\n\t\t\t\t\t<h1 class=\"elementor-heading-title elementor-size-default\">Formulaire de contact\n<\/h1>\t\t\t\t<\/div>\n\t\t\t\t<\/div>\n\t\t\t\t\t<\/div>\n\t\t<\/div>\n\t\t\t\t\t<\/div>\n\t\t<\/section>\n\t\t\t\t<section class=\"elementor-section elementor-top-section elementor-element elementor-element-ac517fd elementor-section-boxed elementor-section-height-default elementor-section-height-default\" data-id=\"ac517fd\" data-element_type=\"section\" data-e-type=\"section\">\n\t\t\t\t\t\t<div class=\"elementor-container elementor-column-gap-default\">\n\t\t\t\t\t<div class=\"elementor-column elementor-col-100 elementor-top-column elementor-element elementor-element-ef17312\" data-id=\"ef17312\" data-element_type=\"column\" data-e-type=\"column\">\n\t\t\t<div class=\"elementor-widget-wrap elementor-element-populated\">\n\t\t\t\t\t\t<div class=\"elementor-element elementor-element-9908d89 elementor-widget elementor-widget-WpRentals_Contact_Form_Builder\" data-id=\"9908d89\" data-element_type=\"widget\" data-e-type=\"widget\" data-widget_type=\"WpRentals_Contact_Form_Builder.default\">\n\t\t\t\t<div class=\"elementor-widget-container\">\n\t\t\t\t\t<div class=\"wprentals-contact-form\">[wprentals_contact_form]<\/div>\t\t\t\t<\/div>\n\t\t\t\t<\/div>\n\t\t\t\t<div class=\"elementor-element elementor-element-08ab906 elementor-widget elementor-widget-spacer\" data-id=\"08ab906\" data-element_type=\"widget\" data-e-type=\"widget\" data-widget_type=\"spacer.default\">\n\t\t\t\t<div class=\"elementor-widget-container\">\n\t\t\t\t\t\t\t<div class=\"elementor-spacer\">\n\t\t\t<div class=\"elementor-spacer-inner\"><\/div>\n\t\t<\/div>\n\t\t\t\t\t\t<\/div>\n\t\t\t\t<\/div>\n\t\t\t\t\t<\/div>\n\t\t<\/div>\n\t\t\t\t\t<\/div>\n\t\t<\/section>\n\t\t\t\t<\/div>\n\t\t","protected":false},"excerpt":{"rendered":"<p>Nous g\u00e9rons votre h\u00e9bergement local \u00c9lever votre h\u00e9bergement local \u00e0 de nouveaux sommets n&rsquo;a jamais \u00e9t\u00e9 aussi facile. Faites confiance \u00e0 QoZzy pour une gestion professionnelle et regardez vos revenus cro\u00eetre tout en profitant d&rsquo;une tranquillit\u00e9 totale. Analyse du march\u00e9 Emplacement strat\u00e9gique: nous \u00e9valuons l&#8217;emplacement de votre propri\u00e9t\u00e9 afin de d\u00e9finir une strat\u00e9gie efficace et &#8230;<\/p>\n","protected":false},"author":1,"featured_media":0,"parent":0,"menu_order":0,"comment_status":"closed","ping_status":"closed","template":"","meta":{"_monsterinsights_skip_tracking":false,"_monsterinsights_sitenote_active":false,"_monsterinsights_sitenote_note":"","_monsterinsights_sitenote_category":0,"footnotes":""},"class_list":["post-37190","page","type-page","status-publish","hentry"],"aioseo_notices":[],"_links":{"self":[{"href":"https:\/\/qozzy.pt\/fr\/wp-json\/wp\/v2\/pages\/37190","targetHints":{"allow":["GET"]}}],"collection":[{"href":"https:\/\/qozzy.pt\/fr\/wp-json\/wp\/v2\/pages"}],"about":[{"href":"https:\/\/qozzy.pt\/fr\/wp-json\/wp\/v2\/types\/page"}],"author":[{"embeddable":true,"href":"https:\/\/qozzy.pt\/fr\/wp-json\/wp\/v2\/users\/1"}],"replies":[{"embeddable":true,"href":"https:\/\/qozzy.pt\/fr\/wp-json\/wp\/v2\/comments?post=37190"}],"version-history":[{"count":5,"href":"https:\/\/qozzy.pt\/fr\/wp-json\/wp\/v2\/pages\/37190\/revisions"}],"predecessor-version":[{"id":37355,"href":"https:\/\/qozzy.pt\/fr\/wp-json\/wp\/v2\/pages\/37190\/revisions\/37355"}],"wp:attachment":[{"href":"https:\/\/qozzy.pt\/fr\/wp-json\/wp\/v2\/media?parent=37190"}],"curies":[{"name":"wp","href":"https:\/\/api.w.org\/{rel}","templated":true}]}}