{"id":37307,"date":"2015-04-23T12:57:21","date_gmt":"2015-04-23T10:57:21","guid":{"rendered":"https:\/\/www.qozzy.pt\/termes-et-conditions-dutilisation\/"},"modified":"2024-02-19T19:39:16","modified_gmt":"2024-02-19T18:39:16","slug":"termes-et-conditions-dutilisation","status":"publish","type":"page","link":"https:\/\/qozzy.pt\/fr\/termes-et-conditions-dutilisation\/","title":{"rendered":"Termes et Conditions d&rsquo;Utilisation"},"content":{"rendered":"\t\t<div data-elementor-type=\"wp-page\" data-elementor-id=\"37307\" class=\"elementor elementor-37307 elementor-356\">\n\t\t\t\t\t\t<section class=\"elementor-section elementor-top-section elementor-element elementor-element-32e56110 elementor-section-boxed elementor-section-height-default elementor-section-height-default\" data-id=\"32e56110\" data-element_type=\"section\" data-e-type=\"section\">\n\t\t\t\t\t\t<div class=\"elementor-container elementor-column-gap-default\">\n\t\t\t\t\t<div class=\"elementor-column elementor-col-100 elementor-top-column elementor-element elementor-element-328a9a27\" data-id=\"328a9a27\" data-element_type=\"column\" data-e-type=\"column\">\n\t\t\t<div class=\"elementor-widget-wrap elementor-element-populated\">\n\t\t\t\t\t\t<div class=\"elementor-element elementor-element-81c7014 elementor-widget elementor-widget-text-editor\" data-id=\"81c7014\" data-element_type=\"widget\" data-e-type=\"widget\" data-widget_type=\"text-editor.default\">\n\t\t\t\t<div class=\"elementor-widget-container\">\n\t\t\t\t\t\t\t\t\t<p><strong>Bienvenue sur Qozzy.pt.<\/strong><\/p>\n<p>Ces Termes et Conditions d&rsquo;Utilisation r\u00e9gissent la relation entre les utilisateurs et Qozzy.pt. En acc\u00e9dant ou en utilisant notre site, vous acceptez d&rsquo;\u00eatre li\u00e9 par ces termes, qui \u00e9tablissent nos droits et responsabilit\u00e9s l\u00e9gaux. Si vous n&rsquo;acceptez pas ces termes, veuillez ne pas utiliser notre site.<\/p>\n<p><strong>Droits de Propri\u00e9t\u00e9 Intellectuelle<\/strong><\/p>\n<p>Le contenu de Qozzy.pt, y compris les textes, graphiques, logos, ic\u00f4nes, images, clips audio, t\u00e9l\u00e9chargements num\u00e9riques et logiciels, est la propri\u00e9t\u00e9 de Qozzy.pt ou de ses fournisseurs de contenu et est prot\u00e9g\u00e9 par les lois internationales et portugaises sur les droits d&rsquo;auteur.<\/p>\n<p><strong>Utilisation du Service<\/strong><\/p>\n<p>Qozzy.pt vous accorde une licence limit\u00e9e d&rsquo;acc\u00e8s et d&rsquo;utilisation de notre site Internet \u00e0 des fins personnelles. Cette licence n&rsquo;inclut pas la revente ou l&rsquo;utilisation commerciale du site ou de son contenu.<\/p>\n<p><strong>Comptes d&rsquo;utilisateurs<\/strong><\/p>\n<p>Pour acc\u00e9der \u00e0 certaines fonctionnalit\u00e9s du site, vous devrez peut-\u00eatre cr\u00e9er un compte. Vous \u00eates responsable du maintien de la confidentialit\u00e9 de votre compte et de votre mot de passe et de la restriction de l&rsquo;acc\u00e8s \u00e0 votre ordinateur.<\/p>\n<p><strong>Limitation de la responsabilit\u00e9<\/strong><\/p>\n<p>Qozzy.pt et ses administrateurs, employ\u00e9s, partenaires et fournisseurs ne peuvent \u00eatre tenus responsables de toute perte ou dommage de quelque nature que ce soit.<\/p>\n<p><strong>Droit applicable<\/strong><\/p>\n<p>Les pr\u00e9sentes conditions sont r\u00e9gies et interpr\u00e9t\u00e9es conform\u00e9ment aux lois du Portugal, sans donner effet \u00e0 aucun principe de conflit de lois.<\/p>\n<p><strong>Modifications des conditions g\u00e9n\u00e9rales<\/strong><\/p>\n<p>Nous nous r\u00e9servons le droit de modifier les pr\u00e9sentes conditions g\u00e9n\u00e9rales \u00e0 tout moment et sans pr\u00e9avis. Votre d\u00e9cision de continuer \u00e0 visiter et \u00e0 utiliser le site apr\u00e8s que de telles modifications ont \u00e9t\u00e9 apport\u00e9es constitue votre acceptation formelle des nouvelles conditions.<\/p>\n<p><strong>Contact<\/strong><\/p>\n<p>Pour toute question ou pr\u00e9cision sur les pr\u00e9sentes conditions g\u00e9n\u00e9rales, veuillez nous contacter \u00e0 l&rsquo;adresse suivante : info@qozzy.pt.<\/p>\n\t\t\t\t\t\t\t\t<\/div>\n\t\t\t\t<\/div>\n\t\t\t\t\t<\/div>\n\t\t<\/div>\n\t\t\t\t\t<\/div>\n\t\t<\/section>\n\t\t\t\t<\/div>\n\t\t","protected":false},"excerpt":{"rendered":"<p>Bienvenue sur Qozzy.pt. Ces Termes et Conditions d&rsquo;Utilisation r\u00e9gissent la relation entre les utilisateurs et Qozzy.pt. En acc\u00e9dant ou en utilisant notre site, vous acceptez d&rsquo;\u00eatre li\u00e9 par ces termes, qui \u00e9tablissent nos droits et responsabilit\u00e9s l\u00e9gaux. Si vous n&rsquo;acceptez pas ces termes, veuillez ne pas utiliser notre site. Droits de Propri\u00e9t\u00e9 Intellectuelle Le contenu &#8230;<\/p>\n","protected":false},"author":1,"featured_media":0,"parent":0,"menu_order":0,"comment_status":"closed","ping_status":"closed","template":"terms_conditions.php","meta":{"_monsterinsights_skip_tracking":false,"_monsterinsights_sitenote_active":false,"_monsterinsights_sitenote_note":"","_monsterinsights_sitenote_category":0,"footnotes":""},"class_list":["post-37307","page","type-page","status-publish","hentry"],"aioseo_notices":[],"_links":{"self":[{"href":"https:\/\/qozzy.pt\/fr\/wp-json\/wp\/v2\/pages\/37307","targetHints":{"allow":["GET"]}}],"collection":[{"href":"https:\/\/qozzy.pt\/fr\/wp-json\/wp\/v2\/pages"}],"about":[{"href":"https:\/\/qozzy.pt\/fr\/wp-json\/wp\/v2\/types\/page"}],"author":[{"embeddable":true,"href":"https:\/\/qozzy.pt\/fr\/wp-json\/wp\/v2\/users\/1"}],"replies":[{"embeddable":true,"href":"https:\/\/qozzy.pt\/fr\/wp-json\/wp\/v2\/comments?post=37307"}],"version-history":[{"count":1,"href":"https:\/\/qozzy.pt\/fr\/wp-json\/wp\/v2\/pages\/37307\/revisions"}],"predecessor-version":[{"id":37308,"href":"https:\/\/qozzy.pt\/fr\/wp-json\/wp\/v2\/pages\/37307\/revisions\/37308"}],"wp:attachment":[{"href":"https:\/\/qozzy.pt\/fr\/wp-json\/wp\/v2\/media?parent=37307"}],"curies":[{"name":"wp","href":"https:\/\/api.w.org\/{rel}","templated":true}]}}